{"id":323,"date":"2017-10-10T01:21:03","date_gmt":"2017-10-10T01:21:03","guid":{"rendered":"http:\/\/msl-metrologie.com\/?page_id=323"},"modified":"2025-07-18T17:50:46","modified_gmt":"2025-07-18T17:50:46","slug":"telechargement","status":"publish","type":"page","link":"https:\/\/msl-metrologie.com\/index.php\/accueil\/telechargement\/","title":{"rendered":"T\u00e9l\u00e9chargement"},"content":{"rendered":"\t\t<div data-elementor-type=\"wp-page\" data-elementor-id=\"323\" class=\"elementor elementor-323\" data-elementor-settings=\"{&quot;ha_cmc_init_switcher&quot;:&quot;no&quot;}\" data-elementor-post-type=\"page\">\n\t\t\t\t\t\t<section class=\"elementor-section elementor-top-section elementor-element elementor-element-3ee72d75 elementor-section-boxed elementor-section-height-default elementor-section-height-default wpr-particle-no wpr-jarallax-no wpr-parallax-no wpr-sticky-section-no\" data-id=\"3ee72d75\" data-element_type=\"section\" data-e-type=\"section\" data-settings=\"{&quot;_ha_eqh_enable&quot;:false}\">\n\t\t\t\t\t\t<div class=\"elementor-container elementor-column-gap-default\">\n\t\t\t\t\t<div class=\"elementor-column elementor-col-50 elementor-top-column elementor-element elementor-element-216be26f\" data-id=\"216be26f\" data-element_type=\"column\" data-e-type=\"column\">\n\t\t\t<div class=\"elementor-widget-wrap elementor-element-populated\">\n\t\t\t\t\t\t<div class=\"elementor-element elementor-element-6bd1929 elementor-widget elementor-widget-heading\" data-id=\"6bd1929\" data-element_type=\"widget\" data-e-type=\"widget\" data-widget_type=\"heading.default\">\n\t\t\t\t<div class=\"elementor-widget-container\">\n\t\t\t\t\t<h2 class=\"elementor-heading-title elementor-size-default\">Toute notre documentation en ligne !<\/h2>\t\t\t\t<\/div>\n\t\t\t\t<\/div>\n\t\t\t\t<div class=\"elementor-element elementor-element-6d41be88 elementor-widget elementor-widget-text-editor\" data-id=\"6d41be88\" data-element_type=\"widget\" data-e-type=\"widget\" data-widget_type=\"text-editor.default\">\n\t\t\t\t<div class=\"elementor-widget-container\">\n\t\t\t\t\t\t\t\t\t<h5>Vous trouverez dans cette section l&rsquo;ensemble des plaquettes de nos domaines en m\u00e9trologie et concernant le scan de grands volumes.<\/h5>\n<h5>Retrouvez ci-dessous nos pr\u00e9sentations t\u00e9l\u00e9chargeables en PDF et imprimables depuis votre navigateur.<\/h5>\n<div>Bonne lecture !<\/div>\n<p>\u00a0<\/p>\t\t\t\t\t\t\t\t<\/div>\n\t\t\t\t<\/div>\n\t\t\t\t\t<\/div>\n\t\t<\/div>\n\t\t\t\t<div class=\"elementor-column elementor-col-50 elementor-top-column elementor-element elementor-element-92c640\" data-id=\"92c640\" data-element_type=\"column\" data-e-type=\"column\">\n\t\t\t<div class=\"elementor-widget-wrap elementor-element-populated\">\n\t\t\t\t\t\t<div class=\"elementor-element elementor-element-5143224c elementor-widget elementor-widget-image\" data-id=\"5143224c\" data-element_type=\"widget\" data-e-type=\"widget\" data-widget_type=\"image.default\">\n\t\t\t\t<div class=\"elementor-widget-container\">\n\t\t\t\t\t\t\t\t\t\t\t\t\t\t\t<img fetchpriority=\"high\" decoding=\"async\" width=\"960\" height=\"640\" src=\"https:\/\/msl-metrologie.com\/wp-content\/uploads\/2025\/02\/laptopmockup1.webp\" class=\"attachment-full size-full wp-image-503\" alt=\"\" srcset=\"https:\/\/msl-metrologie.com\/wp-content\/uploads\/2025\/02\/laptopmockup1.webp 960w, https:\/\/msl-metrologie.com\/wp-content\/uploads\/2025\/02\/laptopmockup1-300x200.webp 300w, https:\/\/msl-metrologie.com\/wp-content\/uploads\/2025\/02\/laptopmockup1-768x512.webp 768w, https:\/\/msl-metrologie.com\/wp-content\/uploads\/2025\/02\/laptopmockup1-53x35.webp 53w, https:\/\/msl-metrologie.com\/wp-content\/uploads\/2025\/02\/laptopmockup1-200x133.webp 200w, https:\/\/msl-metrologie.com\/wp-content\/uploads\/2025\/02\/laptopmockup1-580x387.webp 580w, https:\/\/msl-metrologie.com\/wp-content\/uploads\/2025\/02\/laptopmockup1-380x253.webp 380w, https:\/\/msl-metrologie.com\/wp-content\/uploads\/2025\/02\/laptopmockup1-280x187.webp 280w, https:\/\/msl-metrologie.com\/wp-content\/uploads\/2025\/02\/laptopmockup1-220x147.webp 220w, https:\/\/msl-metrologie.com\/wp-content\/uploads\/2025\/02\/laptopmockup1-150x100.webp 150w, https:\/\/msl-metrologie.com\/wp-content\/uploads\/2025\/02\/laptopmockup1-525x350.webp 525w, https:\/\/msl-metrologie.com\/wp-content\/uploads\/2025\/02\/laptopmockup1-850x567.webp 850w, https:\/\/msl-metrologie.com\/wp-content\/uploads\/2025\/02\/laptopmockup1-272x182.webp 272w\" sizes=\"(max-width: 960px) 100vw, 960px\" \/>\t\t\t\t\t\t\t\t\t\t\t\t\t\t\t<\/div>\n\t\t\t\t<\/div>\n\t\t\t\t\t<\/div>\n\t\t<\/div>\n\t\t\t\t\t<\/div>\n\t\t<\/section>\n\t\t<div class=\"elementor-element elementor-element-a63b2c8 e-flex e-con-boxed wpr-particle-no wpr-jarallax-no wpr-parallax-no wpr-sticky-section-no e-con e-parent\" data-id=\"a63b2c8\" data-element_type=\"container\" data-e-type=\"container\" data-settings=\"{&quot;_ha_eqh_enable&quot;:false}\">\n\t\t\t\t\t<div class=\"e-con-inner\">\n\t\t\t\t<div class=\"elementor-element elementor-element-2769066 elementor-widget-divider--view-line elementor-widget elementor-widget-divider\" data-id=\"2769066\" data-element_type=\"widget\" data-e-type=\"widget\" data-widget_type=\"divider.default\">\n\t\t\t\t<div class=\"elementor-widget-container\">\n\t\t\t\t\t\t\t<div class=\"elementor-divider\">\n\t\t\t<span class=\"elementor-divider-separator\">\n\t\t\t\t\t\t<\/span>\n\t\t<\/div>\n\t\t\t\t\t\t<\/div>\n\t\t\t\t<\/div>\n\t\t\t\t\t<\/div>\n\t\t\t\t<\/div>\n\t\t<div class=\"elementor-element elementor-element-undefined-fd9d06a e-con-full e-flex wpr-particle-no wpr-jarallax-no wpr-parallax-no wpr-sticky-section-no e-con e-parent\" data-id=\"undefined-fd9d06a\" data-element_type=\"container\" data-e-type=\"container\" data-settings=\"{&quot;_ha_eqh_enable&quot;:false}\">\n\t\t<div class=\"elementor-element elementor-element-undefined-7862984 e-con-full e-flex wpr-particle-no wpr-jarallax-no wpr-parallax-no wpr-sticky-section-no e-con e-child\" data-id=\"undefined-7862984\" data-element_type=\"container\" data-e-type=\"container\" data-settings=\"{&quot;_ha_eqh_enable&quot;:false}\">\n\t\t\t\t<div class=\"elementor-element elementor-element-undefined-4a54123 elementor-widget elementor-widget-heading\" data-id=\"undefined-4a54123\" data-element_type=\"widget\" data-e-type=\"widget\" data-widget_type=\"heading.default\">\n\t\t\t\t<div class=\"elementor-widget-container\">\n\t\t\t\t\t<h2 class=\"elementor-heading-title elementor-size-default\">Pr\u00e9sentation g\u00e9n\u00e9rale de MSL m\u00e9trologie.<\/h2>\t\t\t\t<\/div>\n\t\t\t\t<\/div>\n\t\t\t\t<div class=\"elementor-element elementor-element-35d2a2d elementor-widget elementor-widget-image\" data-id=\"35d2a2d\" data-element_type=\"widget\" data-e-type=\"widget\" data-widget_type=\"image.default\">\n\t\t\t\t<div class=\"elementor-widget-container\">\n\t\t\t\t\t\t\t\t\t\t\t\t\t\t\t<img decoding=\"async\" width=\"1920\" height=\"1079\" src=\"https:\/\/msl-metrologie.com\/wp-content\/uploads\/2016\/01\/cropped-cropped-red2.jpg\" class=\"attachment-2048x2048 size-2048x2048 wp-image-200\" alt=\"\" srcset=\"https:\/\/msl-metrologie.com\/wp-content\/uploads\/2016\/01\/cropped-cropped-red2.jpg 1920w, https:\/\/msl-metrologie.com\/wp-content\/uploads\/2016\/01\/cropped-cropped-red2-300x169.jpg 300w, https:\/\/msl-metrologie.com\/wp-content\/uploads\/2016\/01\/cropped-cropped-red2-768x432.jpg 768w, https:\/\/msl-metrologie.com\/wp-content\/uploads\/2016\/01\/cropped-cropped-red2-1024x575.jpg 1024w\" sizes=\"(max-width: 1920px) 100vw, 1920px\" \/>\t\t\t\t\t\t\t\t\t\t\t\t\t\t\t<\/div>\n\t\t\t\t<\/div>\n\t\t\t\t<\/div>\n\t\t<div class=\"elementor-element elementor-element-undefined-b28a221 e-con-full e-flex wpr-particle-no wpr-jarallax-no wpr-parallax-no wpr-sticky-section-no e-con e-child\" data-id=\"undefined-b28a221\" data-element_type=\"container\" data-e-type=\"container\" data-settings=\"{&quot;_ha_eqh_enable&quot;:false}\">\n\t\t\t\t<div class=\"elementor-element elementor-element-undefined-8b7e95b elementor-widget elementor-widget-heading\" data-id=\"undefined-8b7e95b\" data-element_type=\"widget\" data-e-type=\"widget\" data-widget_type=\"heading.default\">\n\t\t\t\t<div class=\"elementor-widget-container\">\n\t\t\t\t\t<h5 class=\"elementor-heading-title elementor-size-default\">Pour nous conna\u00eetre d'avantage, t\u00e9l\u00e9chargez notre plaquette 2025<\/h5>\t\t\t\t<\/div>\n\t\t\t\t<\/div>\n\t\t\t\t<div class=\"elementor-element elementor-element-undefined-f6ca6d7 elementor-widget__width-auto elementor-widget elementor-widget-button\" data-id=\"undefined-f6ca6d7\" data-element_type=\"widget\" data-e-type=\"widget\" data-widget_type=\"button.default\">\n\t\t\t\t<div class=\"elementor-widget-container\">\n\t\t\t\t\t\t\t\t\t<div class=\"elementor-button-wrapper\">\n\t\t\t\t\t<a class=\"elementor-button elementor-button-link elementor-size-sm\" href=\"https:\/\/msl-metrologie.com\/wp-content\/uploads\/2025\/02\/Presentation-MSL-2024_00.pdf\" target=\"_blank\">\n\t\t\t\t\t\t<span class=\"elementor-button-content-wrapper\">\n\t\t\t\t\t\t\t\t\t<span class=\"elementor-button-text\">T\u00e9l\u00e9charger<\/span>\n\t\t\t\t\t<\/span>\n\t\t\t\t\t<\/a>\n\t\t\t\t<\/div>\n\t\t\t\t\t\t\t\t<\/div>\n\t\t\t\t<\/div>\n\t\t\t\t<\/div>\n\t\t\t\t<\/div>\n\t\t<div class=\"elementor-element elementor-element-dcd3258 e-flex e-con-boxed wpr-particle-no wpr-jarallax-no wpr-parallax-no wpr-sticky-section-no e-con e-parent\" data-id=\"dcd3258\" data-element_type=\"container\" data-e-type=\"container\" data-settings=\"{&quot;_ha_eqh_enable&quot;:false}\">\n\t\t\t\t\t<div class=\"e-con-inner\">\n\t\t\t\t<div class=\"elementor-element elementor-element-2e3be9b elementor-widget-divider--view-line elementor-widget elementor-widget-divider\" data-id=\"2e3be9b\" data-element_type=\"widget\" data-e-type=\"widget\" data-widget_type=\"divider.default\">\n\t\t\t\t<div class=\"elementor-widget-container\">\n\t\t\t\t\t\t\t<div class=\"elementor-divider\">\n\t\t\t<span class=\"elementor-divider-separator\">\n\t\t\t\t\t\t<\/span>\n\t\t<\/div>\n\t\t\t\t\t\t<\/div>\n\t\t\t\t<\/div>\n\t\t\t\t\t<\/div>\n\t\t\t\t<\/div>\n\t\t<div class=\"elementor-element elementor-element-07ec933 e-con-full e-flex wpr-particle-no wpr-jarallax-no wpr-parallax-no wpr-sticky-section-no e-con e-parent\" data-id=\"07ec933\" data-element_type=\"container\" data-e-type=\"container\" data-settings=\"{&quot;_ha_eqh_enable&quot;:false}\">\n\t\t<div class=\"elementor-element elementor-element-51fa55f e-con-full e-flex wpr-particle-no wpr-jarallax-no wpr-parallax-no wpr-sticky-section-no e-con e-child\" data-id=\"51fa55f\" data-element_type=\"container\" data-e-type=\"container\" data-settings=\"{&quot;_ha_eqh_enable&quot;:false}\">\n\t\t\t\t<div class=\"elementor-element elementor-element-eda6725 elementor-widget elementor-widget-heading\" data-id=\"eda6725\" data-element_type=\"widget\" data-e-type=\"widget\" data-widget_type=\"heading.default\">\n\t\t\t\t<div class=\"elementor-widget-container\">\n\t\t\t\t\t<h2 class=\"elementor-heading-title elementor-size-default\">Pr\u00e9sentation du scan de grands volumes<\/h2>\t\t\t\t<\/div>\n\t\t\t\t<\/div>\n\t\t\t\t<div class=\"elementor-element elementor-element-d9e9b06 elementor-widget elementor-widget-image\" data-id=\"d9e9b06\" data-element_type=\"widget\" data-e-type=\"widget\" data-widget_type=\"image.default\">\n\t\t\t\t<div class=\"elementor-widget-container\">\n\t\t\t\t\t\t\t\t\t\t\t\t\t\t\t<img decoding=\"async\" width=\"800\" height=\"422\" src=\"https:\/\/msl-metrologie.com\/wp-content\/uploads\/2025\/02\/Ortho1b-1024x540.webp\" class=\"attachment-large size-large wp-image-445\" alt=\"\" srcset=\"https:\/\/msl-metrologie.com\/wp-content\/uploads\/2025\/02\/Ortho1b-1024x540.webp 1024w, https:\/\/msl-metrologie.com\/wp-content\/uploads\/2025\/02\/Ortho1b-300x158.webp 300w, https:\/\/msl-metrologie.com\/wp-content\/uploads\/2025\/02\/Ortho1b-768x405.webp 768w, https:\/\/msl-metrologie.com\/wp-content\/uploads\/2025\/02\/Ortho1b-1536x809.webp 1536w, https:\/\/msl-metrologie.com\/wp-content\/uploads\/2025\/02\/Ortho1b-scaled.webp 1920w, https:\/\/msl-metrologie.com\/wp-content\/uploads\/2025\/02\/Ortho1b-66x35.webp 66w, https:\/\/msl-metrologie.com\/wp-content\/uploads\/2025\/02\/Ortho1b-200x105.webp 200w, https:\/\/msl-metrologie.com\/wp-content\/uploads\/2025\/02\/Ortho1b-1200x632.webp 1200w, https:\/\/msl-metrologie.com\/wp-content\/uploads\/2025\/02\/Ortho1b-580x306.webp 580w, https:\/\/msl-metrologie.com\/wp-content\/uploads\/2025\/02\/Ortho1b-380x200.webp 380w, https:\/\/msl-metrologie.com\/wp-content\/uploads\/2025\/02\/Ortho1b-280x148.jpg 280w, https:\/\/msl-metrologie.com\/wp-content\/uploads\/2025\/02\/Ortho1b-220x116.jpg 220w, https:\/\/msl-metrologie.com\/wp-content\/uploads\/2025\/02\/Ortho1b-150x79.jpg 150w, https:\/\/msl-metrologie.com\/wp-content\/uploads\/2025\/02\/Ortho1b-664x350.jpg 664w, https:\/\/msl-metrologie.com\/wp-content\/uploads\/2025\/02\/Ortho1b-850x448.jpg 850w\" sizes=\"(max-width: 800px) 100vw, 800px\" \/>\t\t\t\t\t\t\t\t\t\t\t\t\t\t\t<\/div>\n\t\t\t\t<\/div>\n\t\t\t\t<\/div>\n\t\t<div class=\"elementor-element elementor-element-a9c855d e-con-full e-flex wpr-particle-no wpr-jarallax-no wpr-parallax-no wpr-sticky-section-no e-con e-child\" data-id=\"a9c855d\" data-element_type=\"container\" data-e-type=\"container\" data-settings=\"{&quot;_ha_eqh_enable&quot;:false}\">\n\t\t\t\t<div class=\"elementor-element elementor-element-4d8aed4 elementor-widget elementor-widget-heading\" data-id=\"4d8aed4\" data-element_type=\"widget\" data-e-type=\"widget\" data-widget_type=\"heading.default\">\n\t\t\t\t<div class=\"elementor-widget-container\">\n\t\t\t\t\t<h5 class=\"elementor-heading-title elementor-size-default\">Int\u00e9ress\u00e9 par la num\u00e9risation et la mod\u00e9lisation de grande dimension? \nT\u00e9l\u00e9chargez notre plaquette 2025 !<\/h5>\t\t\t\t<\/div>\n\t\t\t\t<\/div>\n\t\t\t\t<div class=\"elementor-element elementor-element-adf55b6 elementor-widget__width-auto elementor-widget elementor-widget-button\" data-id=\"adf55b6\" data-element_type=\"widget\" data-e-type=\"widget\" data-widget_type=\"button.default\">\n\t\t\t\t<div class=\"elementor-widget-container\">\n\t\t\t\t\t\t\t\t\t<div class=\"elementor-button-wrapper\">\n\t\t\t\t\t<a class=\"elementor-button elementor-button-link elementor-size-sm\" href=\"https:\/\/msl-metrologie.com\/wp-content\/uploads\/2025\/02\/Presentation-Scan-MSL-1.pdf\">\n\t\t\t\t\t\t<span class=\"elementor-button-content-wrapper\">\n\t\t\t\t\t\t\t\t\t<span class=\"elementor-button-text\">t\u00e9l\u00e9charger <\/span>\n\t\t\t\t\t<\/span>\n\t\t\t\t\t<\/a>\n\t\t\t\t<\/div>\n\t\t\t\t\t\t\t\t<\/div>\n\t\t\t\t<\/div>\n\t\t\t\t<\/div>\n\t\t\t\t<\/div>\n\t\t\t\t<\/div>\n\t\t","protected":false},"excerpt":{"rendered":"<p>Toute notre documentation en ligne ! Vous trouverez dans cette section l&rsquo;ensemble des plaquettes de nos domaines en m\u00e9trologie et concernant le scan de grands volumes. Retrouvez ci-dessous nos pr\u00e9sentations t\u00e9l\u00e9chargeables en PDF et imprimables depuis votre navigateur. Bonne lecture ! \u00a0 Pr\u00e9sentation g\u00e9n\u00e9rale de MSL m\u00e9trologie. Pour nous conna\u00eetre d&rsquo;avantage, t\u00e9l\u00e9chargez notre plaquette 2025 T\u00e9l\u00e9charger Pr\u00e9sentation du scan de grands volumes Int\u00e9ress\u00e9 par la num\u00e9risation et la mod\u00e9lisation de grande dimension? T\u00e9l\u00e9chargez notre plaquette 2025 ! t\u00e9l\u00e9charger<\/p>\n","protected":false},"author":1,"featured_media":0,"parent":261,"menu_order":0,"comment_status":"closed","ping_status":"closed","template":"elementor_header_footer","meta":{"_eb_attr":"","footnotes":""},"class_list":["post-323","page","type-page","status-publish","hentry"],"_links":{"self":[{"href":"https:\/\/msl-metrologie.com\/index.php\/wp-json\/wp\/v2\/pages\/323","targetHints":{"allow":["GET"]}}],"collection":[{"href":"https:\/\/msl-metrologie.com\/index.php\/wp-json\/wp\/v2\/pages"}],"about":[{"href":"https:\/\/msl-metrologie.com\/index.php\/wp-json\/wp\/v2\/types\/page"}],"author":[{"embeddable":true,"href":"https:\/\/msl-metrologie.com\/index.php\/wp-json\/wp\/v2\/users\/1"}],"replies":[{"embeddable":true,"href":"https:\/\/msl-metrologie.com\/index.php\/wp-json\/wp\/v2\/comments?post=323"}],"version-history":[{"count":23,"href":"https:\/\/msl-metrologie.com\/index.php\/wp-json\/wp\/v2\/pages\/323\/revisions"}],"predecessor-version":[{"id":774,"href":"https:\/\/msl-metrologie.com\/index.php\/wp-json\/wp\/v2\/pages\/323\/revisions\/774"}],"up":[{"embeddable":true,"href":"https:\/\/msl-metrologie.com\/index.php\/wp-json\/wp\/v2\/pages\/261"}],"wp:attachment":[{"href":"https:\/\/msl-metrologie.com\/index.php\/wp-json\/wp\/v2\/media?parent=323"}],"curies":[{"name":"wp","href":"https:\/\/api.w.org\/{rel}","templated":true}]}}